{"id":342,"date":"2017-10-23T12:53:13","date_gmt":"2017-10-23T12:53:13","guid":{"rendered":"http:\/\/democontent.codex-themes.com\/sites\/beauty-salon\/our-news-2\/"},"modified":"2021-01-25T22:35:34","modified_gmt":"2021-01-25T21:35:34","slug":"our-experts","status":"publish","type":"page","link":"https:\/\/dotykykrasy.sk\/?page_id=342","title":{"rendered":"Na\u0161i profesion\u00e1li"},"content":{"rendered":"<div class=\"wpb-content-wrapper\"><p>[vc_row full_width=&#8221;stretch_row_content&#8221; css=&#8221;.vc_custom_1611610143503{margin-bottom: 0px !important;background-image: url(https:\/\/dotykykrasy.sk\/wp-content\/uploads\/2021\/01\/E1.jpg?id=1781) !important;background-position: center !important;background-repeat: no-repeat !important;background-size: contain !important;}&#8221;][vc_column width=&#8221;2\/3&#8243; offset=&#8221;vc_col-lg-offset-6 vc_col-lg-6 vc_col-md-offset-6 vc_col-md-6 vc_col-sm-offset-4&#8243;][vc_column_text css_animation=&#8221;none&#8221;]<\/p>\n<div class=\"title-h5\"><span class=\"light letter-spacing\">NAJLEP\u0160\u00cd PROFESION\u00c1LI<\/span><\/div>\n<p>[\/vc_column_text]<div class=\"clearboth\"><\/div><style>#thegem-divider-69ecefc8042d8 {margin-top: 80px !important;}<\/style><div id=\"thegem-divider-69ecefc8042d8\" class=\"gem-divider  \" style=\"\" ><\/div><div class=\"clearboth\"><\/div><style>#thegem-divider-69ecefc80431d {margin-top: 80px !important;}<\/style><div id=\"thegem-divider-69ecefc80431d\" class=\"gem-divider  \" style=\"\" ><\/div><div class=\"clearboth\"><\/div><style>#thegem-divider-69ecefc80433e {margin-top: 80px !important;}<\/style><div id=\"thegem-divider-69ecefc80433e\" class=\"gem-divider  \" style=\"\" ><\/div><div class=\"clearboth\"><\/div><style>#thegem-divider-69ecefc80435b {margin-top: 35px !important;}<\/style><div id=\"thegem-divider-69ecefc80435b\" class=\"gem-divider  \" style=\"\" ><\/div><div class=\"clearboth\"><\/div><style>#thegem-divider-69ecefc804376 {margin-top: 55px !important;}<\/style><div id=\"thegem-divider-69ecefc804376\" class=\"gem-divider  \" style=\"\" ><\/div><div class=\"clearboth\"><\/div><style>#thegem-divider-69ecefc804397 {margin-top: 55px !important;}<\/style><div id=\"thegem-divider-69ecefc804397\" class=\"gem-divider  \" style=\"\" ><\/div><div class=\"clearboth\"><\/div><style>#thegem-divider-69ecefc8043b2 {margin-top: 55px !important;}<\/style><div id=\"thegem-divider-69ecefc8043b2\" class=\"gem-divider  \" style=\"\" ><\/div><div class=\"clearboth\"><\/div><style>#thegem-divider-69ecefc8043c9 {margin-top: 55px !important;}<\/style><div id=\"thegem-divider-69ecefc8043c9\" class=\"gem-divider  \" style=\"\" ><\/div><div class=\"clearboth\"><\/div><style>#thegem-divider-69ecefc8043e2 {margin-top: 55px !important;}<\/style><div id=\"thegem-divider-69ecefc8043e2\" class=\"gem-divider  \" style=\"\" ><\/div><div class=\"clearboth\"><\/div><style>#thegem-divider-69ecefc8043fb {margin-top: -35px !important;}<\/style><div id=\"thegem-divider-69ecefc8043fb\" class=\"gem-divider  \" style=\"\" ><\/div>[vc_row_inner][vc_column_inner width=&#8221;1\/2&#8243;]<div class=\"clearboth\"><\/div><style>#thegem-divider-69ecefc804415 {margin-top: 20px !important;}<\/style><div id=\"thegem-divider-69ecefc804415\" class=\"gem-divider  \" style=\"\" ><\/div>[\/vc_column_inner][vc_column_inner width=&#8221;1\/2&#8243;]<div class=\"gem-image gem-wrapbox gem-wrapbox-style-default gem-wrapbox-position-below  thegem-custom-69ecefc80443e9377\"  style=\"\" ><div class=\"gem-wrapbox-inner \" ><img class=\"gem-wrapbox-element img-responsive\" src=\"\" alt=\"\"\/><\/div><\/div>[\/vc_column_inner][\/vc_row_inner]<div class=\"clearboth\"><\/div><style>#thegem-divider-69ecefc8047e2 {margin-top: 75px !important;}<\/style><div id=\"thegem-divider-69ecefc8047e2\" class=\"gem-divider  \" style=\"\" ><\/div>[\/vc_column][vc_column width=&#8221;1\/3&#8243;][\/vc_column][vc_column][\/vc_column][vc_column][\/vc_column][vc_column][\/vc_column][\/vc_row][vc_row full_width=&#8221;stretch_row&#8221; css=&#8221;.vc_custom_1508926484132{margin-bottom: -1px !important;background-image: url(https:\/\/dotykykrasy.sk\/wp-content\/uploads\/2017\/10\/beauty-bg2.jpg?id=27) !important;background-position: center !important;background-repeat: no-repeat !important;background-size: cover !important;}&#8221;][vc_column]<div class=\"clearboth\"><\/div><style>#thegem-divider-69ecefc804816 {margin-top: 85px !important;}<\/style><div id=\"thegem-divider-69ecefc804816\" class=\"gem-divider  \" style=\"\" ><\/div>[vc_column_text]<\/p>\n<div class=\"title-h5\" style=\"text-align: center;\"><span class=\"light\" style=\"color: #282828;\">THE TEAM OF PROFESSIONALS<\/span><\/div>\n<p>[\/vc_column_text][vc_column_text css=&#8221;.vc_custom_1508927443347{margin-top: -15px !important;}&#8221;]<\/p>\n<div class=\"title-h1\" style=\"text-align: center;\"><span style=\"color: #282828;\">Wizards Beautician<\/span><\/div>\n<p>[\/vc_column_text]<div class=\"clearboth\"><\/div><style>#thegem-divider-69ecefc804834 {margin-top: 85px !important;}<\/style><div id=\"thegem-divider-69ecefc804834\" class=\"gem-divider  \" style=\"\" ><\/div><div class=\"gem-team row inline-row gem-team-style-6\" data-hover-colors=\"{&quot;background_color&quot;:&quot;#f9f6f5&quot;}\" > <div class=\"col-md-4 col-sm-6 col-xs-12 inline-column\"> <div id=\"post-1619\" class=\"team-person default-background post-1619 thegem_team_person type-thegem_team_person status-publish has-post-thumbnail\" style=\"background-color: #ffffff; border-color: #ffffff\"><div class=\"team-person-hover\"> <div class=\"team-person-box clearfix\"> <div class=\"team-person-box-left\"><div class=\"team-person-image\"><span><img width=\"80\" height=\"80\" src=\"https:\/\/dotykykrasy.sk\/wp-content\/uploads\/2021\/01\/BeautyPlus_20200621220606743_save-thegem-person-80.jpg\" class=\"img-responsive wp-post-image\" alt=\"BeautyPlus_20200621220606743_save\" srcset=\"https:\/\/dotykykrasy.sk\/wp-content\/uploads\/2021\/01\/BeautyPlus_20200621220606743_save-thegem-person.jpg 2x\" sizes=\"100vw\" \/><\/span><\/div><\/div> <div class=\"team-person-box-right\"> <div class=\"team-person-info\"> <div class=\"team-person-name styled-subtitle\" >Katar\u00edna Habor\u00e1kov\u00e1<\/div> <div class=\"team-person-position date-color\" >Kozmeti\u010dka - viz\u00e1\u017eistka<\/div> <div class=\"gem-styled-color-1\"><div class=\"team-person-phone title-h6\"><a href=\"tel:+421%20950%20267%20377\">+421 950 267 377<\/a><\/div><\/div> <div class=\"team-person-email\"><a href=\"mailto:sdotykykrasy@gmail.com\">sdotykykrasy@gmail.com<\/a><\/div> <\/div> <div class=\"socials team-person-socials socials-colored-hover\"><a title=\"Facebook\" target=\"_blank\" href=\"https:\/\/www.facebook.com\/dotykykrasy\" class=\"socials-item\"><i class=\"socials-item-icon social-item-rounded facebook\"><\/i><\/a><a title=\"Instagram\" target=\"_blank\" href=\"https:\/\/www.instagram.com\/dotyky_krasy\" class=\"socials-item\"><i class=\"socials-item-icon social-item-rounded instagram\"><\/i><\/a><a title=\"Skype\" target=\"_blank\" href=\"#\" class=\"socials-item\"><i class=\"socials-item-icon social-item-rounded skype\"><\/i><\/a><a title=\"WhatsApp\" target=\"_blank\" href=\"http:\/\/+421%20950%20267%20377\" class=\"socials-item\"><i class=\"socials-item-icon social-item-rounded whatsapp\"><\/i><\/a><a title=\"Viber\" target=\"_blank\" href=\"http:\/\/+421%20950%20267%20377\" class=\"socials-item\"><i class=\"socials-item-icon social-item-rounded viber\"><\/i><\/a><\/div> <\/div> <\/div> <\/div><a class=\"team-person-link\" href=\"#\" target=\"_self\"><\/a><\/div> <\/div> <div class=\"col-md-4 col-sm-6 col-xs-12 inline-column\"> <div id=\"post-524\" class=\"team-person default-background post-524 thegem_team_person type-thegem_team_person status-publish has-post-thumbnail\" style=\"background-color: #ffffff; border-color: #ffffff\"><div class=\"team-person-hover\"> <div class=\"team-person-box clearfix\"> <div class=\"team-person-box-left\"><div class=\"team-person-image\"><span><img width=\"80\" height=\"80\" src=\"https:\/\/dotykykrasy.sk\/wp-content\/uploads\/2017\/10\/mama1-thegem-person-80.jpg\" class=\"img-responsive wp-post-image\" alt=\"mama1\" srcset=\"https:\/\/dotykykrasy.sk\/wp-content\/uploads\/2017\/10\/mama1-thegem-person.jpg 2x\" sizes=\"100vw\" \/><\/span><\/div><\/div> <div class=\"team-person-box-right\"> <div class=\"team-person-info\"> <div class=\"team-person-name styled-subtitle\" >Helena Sedl\u00e1\u010dkov\u00e1<\/div> <div class=\"team-person-position date-color\" >Viz\u00e1\u017eistka - koloristka<\/div> <div class=\"gem-styled-color-1\"><div class=\"team-person-phone title-h6\"><a href=\"tel:+421%20950%20267%20377\">+421 950 267 377<\/a><\/div><\/div> <div class=\"team-person-email\"><a href=\"mailto:sdotykykrasy@gmail.com\">sdotykykrasy@gmail.com<\/a><\/div> <\/div> <div class=\"socials team-person-socials socials-colored-hover\"><a title=\"Facebook\" target=\"_blank\" href=\"https:\/\/www.facebook.com\/dotykykrasy\" class=\"socials-item\"><i class=\"socials-item-icon social-item-rounded facebook\"><\/i><\/a><a title=\"Instagram\" target=\"_blank\" href=\"https:\/\/www.instagram.com\/dotyky_krasy\" class=\"socials-item\"><i class=\"socials-item-icon social-item-rounded instagram\"><\/i><\/a><a title=\"Skype\" target=\"_blank\" href=\"#\" class=\"socials-item\"><i class=\"socials-item-icon social-item-rounded skype\"><\/i><\/a><\/div> <\/div> <\/div> <\/div><a class=\"team-person-link\" href=\"#\" target=\"_self\"><\/a><\/div> <\/div> <div class=\"col-md-4 col-sm-6 col-xs-12 inline-column\"> <div id=\"post-526\" class=\"team-person default-background post-526 thegem_team_person type-thegem_team_person status-publish has-post-thumbnail\" style=\"background-color: #ffffff; border-color: #ffffff\"><div class=\"team-person-hover\"> <div class=\"team-person-box clearfix\"> <div class=\"team-person-box-left\"><div class=\"team-person-image\"><span><img width=\"80\" height=\"80\" src=\"https:\/\/dotykykrasy.sk\/wp-content\/uploads\/2017\/10\/anka-thegem-person-80.jpg\" class=\"img-responsive wp-post-image\" alt=\"anka\" srcset=\"https:\/\/dotykykrasy.sk\/wp-content\/uploads\/2017\/10\/anka-thegem-person.jpg 2x\" sizes=\"100vw\" \/><\/span><\/div><\/div> <div class=\"team-person-box-right\"> <div class=\"team-person-info\"> <div class=\"team-person-name styled-subtitle\" >Anna Hurajtov\u00e1<\/div> <div class=\"team-person-position date-color\" >Kozmeti\u010dka<\/div> <div class=\"gem-styled-color-1\"><div class=\"team-person-phone title-h6\"><a href=\"tel:+421%20949%20346%20229\">+421 949 346 229<\/a><\/div><\/div> <div class=\"team-person-email\"><a href=\"mailto:sdotykykrasy@gmail.com\">sdotykykrasy@gmail.com<\/a><\/div> <\/div> <div class=\"socials team-person-socials socials-colored-hover\"><a title=\"Facebook\" target=\"_blank\" href=\"https:\/\/www.facebook.com\/dotykykrasy\" class=\"socials-item\"><i class=\"socials-item-icon social-item-rounded facebook\"><\/i><\/a><a title=\"Instagram\" target=\"_blank\" href=\"https:\/\/www.instagram.com\/dotyky_krasy\" class=\"socials-item\"><i class=\"socials-item-icon social-item-rounded instagram\"><\/i><\/a><a title=\"Skype\" target=\"_blank\" href=\"#\" class=\"socials-item\"><i class=\"socials-item-icon social-item-rounded skype\"><\/i><\/a><\/div> <\/div> <\/div> <\/div><a class=\"team-person-link\" href=\"#\" target=\"_self\"><\/a><\/div> <\/div> <\/div><div class=\"clearboth\"><\/div><style>#thegem-divider-69ecefc8063ef {margin-top: 90px !important;}<\/style><div id=\"thegem-divider-69ecefc8063ef\" class=\"gem-divider  \" style=\"\" ><\/div>[\/vc_column][\/vc_row][vc_row full_width=&#8221;stretch_row&#8221; css=&#8221;.vc_custom_1508922935925{margin-top: -1px !important;margin-bottom: 0px !important;padding-top: 80px !important;padding-bottom: 70px !important;background-image: url(https:\/\/dotykykrasy.sk\/wp-content\/uploads\/2017\/10\/3.jpg?id=170) !important;background-position: center !important;background-repeat: no-repeat !important;background-size: cover !important;}&#8221;][vc_column]<div class=\"clearboth\"><\/div><style>#thegem-divider-69ecefc806418 {margin-top: 5px !important;}<\/style><div id=\"thegem-divider-69ecefc806418\" class=\"gem-divider  \" style=\"\" ><\/div>[vc_column_text]<\/p>\n<div class=\"title-h2\"><span style=\"color: #ffffff;\">OPEN VACANCIES<\/span><\/div>\n<p>[\/vc_column_text]<div class=\"clearboth\"><\/div><style>#thegem-divider-69ecefc806435 {margin-top: 45px !important;}<\/style><div id=\"thegem-divider-69ecefc806435\" class=\"gem-divider  \" style=\"\" ><\/div>[vc_tta_accordion style=&#8221;simple_solid&#8221; color=&#8221;white&#8221; c_icon=&#8221;solid_squared&#8221; active_section=&#8221;2&#8243; el_class=&#8221;accordion-light&#8221;][vc_tta_section title=&#8221;Hair stylist&#8221; tab_id=&#8221;1508925104234-67aad250-0e09&#8243;][vc_row_inner][vc_column_inner width=&#8221;2\/12&#8243;]<div class=\"gem-image gem-wrapbox gem-wrapbox-style-default gem-wrapbox-position-below  thegem-custom-69ecefc80645e5156\"  style=\"\" ><div class=\"gem-wrapbox-inner \" ><a href=\"\" class=\"fancybox\"><img class=\"gem-wrapbox-element img-responsive\" src=\"\" alt=\"\"\/><\/a><\/div><\/div>[\/vc_column_inner][vc_column_inner width=&#8221;10\/12&#8243;][vc_column_text css=&#8221;.vc_custom_1508926253297{margin-top: -7px !important;}&#8221;]<span style=\"color: #ffffff;\">Lorem ipsum dolor sit amet, consectetur adipisicing elit, sed do eiusmod tempor incididunt ut labore et dolore magna aliqua. Ut enim ad minim veniam, quis nostrud exercitation ullamco laboris nisi ut aliquip ex ea commodo consequat:<\/span>[\/vc_column_text]<div class=\"gem-list gem-list-type-snowflake-style-1\" ><ul>\n<li><span style=\"color: #ffffff;\">Lorem ipsum dolor sit amet, consectetur<\/span><\/li>\n<li><span style=\"color: #ffffff;\">Adipisicing elit, sed do eiusmod tempor<\/span><\/li>\n<li><span style=\"color: #ffffff;\">Enim ad minim veniam, quis nostrud exercitation<\/span><\/li>\n<\/ul>\n<\/div>[\/vc_column_inner][\/vc_row_inner][\/vc_tta_section][vc_tta_section title=&#8221;Massagist&#8221; tab_id=&#8221;1508925960814-27b77ef8-2f88&#8243;][vc_row_inner][vc_column_inner width=&#8221;2\/12&#8243;]<div class=\"gem-image gem-wrapbox gem-wrapbox-style-default gem-wrapbox-position-below  thegem-custom-69ecefc80697c7718\"  style=\"\" ><div class=\"gem-wrapbox-inner \" ><a href=\"\" class=\"fancybox\"><img class=\"gem-wrapbox-element img-responsive\" src=\"\" alt=\"\"\/><\/a><\/div><\/div>[\/vc_column_inner][vc_column_inner width=&#8221;10\/12&#8243;][vc_column_text css=&#8221;.vc_custom_1508926246423{margin-top: -7px !important;}&#8221;]<span style=\"color: #ffffff;\">Lorem ipsum dolor sit amet, consectetur adipisicing elit, sed do eiusmod tempor incididunt ut labore et dolore magna aliqua. Ut enim ad minim veniam, quis nostrud exercitation ullamco laboris nisi ut aliquip ex ea commodo consequat:<\/span>[\/vc_column_text]<div class=\"gem-list gem-list-type-snowflake-style-1\" ><ul>\n<li><span style=\"color: #ffffff;\">Lorem ipsum dolor sit amet, consectetur<\/span><\/li>\n<li><span style=\"color: #ffffff;\">Adipisicing elit, sed do eiusmod tempor<\/span><\/li>\n<li><span style=\"color: #ffffff;\">Enim ad minim veniam, quis nostrud exercitation<\/span><\/li>\n<\/ul>\n<\/div>[\/vc_column_inner][\/vc_row_inner][\/vc_tta_section][vc_tta_section title=&#8221;Manicure &amp; Pedicure&#8221; tab_id=&#8221;1508925959109-3bf38ce8-2a20&#8243;][vc_row_inner][vc_column_inner width=&#8221;2\/12&#8243;]<div class=\"gem-image gem-wrapbox gem-wrapbox-style-default gem-wrapbox-position-below  thegem-custom-69ecefc806e346163\"  style=\"\" ><div class=\"gem-wrapbox-inner \" ><a href=\"\" class=\"fancybox\"><img class=\"gem-wrapbox-element img-responsive\" src=\"\" alt=\"\"\/><\/a><\/div><\/div>[\/vc_column_inner][vc_column_inner width=&#8221;10\/12&#8243;][vc_column_text css=&#8221;.vc_custom_1508926238255{margin-top: -7px !important;}&#8221;]<span style=\"color: #ffffff;\">Lorem ipsum dolor sit amet, consectetur adipisicing elit, sed do eiusmod tempor incididunt ut labore et dolore magna aliqua. Ut enim ad minim veniam, quis nostrud exercitation ullamco laboris nisi ut aliquip ex ea commodo consequat:<\/span>[\/vc_column_text]<div class=\"gem-list gem-list-type-snowflake-style-1\" ><ul>\n<li><span style=\"color: #ffffff;\">Lorem ipsum dolor sit amet, consectetur<\/span><\/li>\n<li><span style=\"color: #ffffff;\">Adipisicing elit, sed do eiusmod tempor<\/span><\/li>\n<li><span style=\"color: #ffffff;\">Enim ad minim veniam, quis nostrud exercitation<\/span><\/li>\n<\/ul>\n<\/div>[\/vc_column_inner][\/vc_row_inner][\/vc_tta_section][\/vc_tta_accordion]<div class=\"clearboth\"><\/div><style>#thegem-divider-69ecefc807382 {margin-top: 40px !important;}<\/style><div id=\"thegem-divider-69ecefc807382\" class=\"gem-divider  \" style=\"\" ><\/div>[\/vc_column][\/vc_row][vc_row css=&#8221;.vc_custom_1508843789270{margin-bottom: 0px !important;}&#8221;][vc_column]<div class=\"clearboth\"><\/div><style>#thegem-divider-69ecefc8073a9 {margin-top: 105px !important;}<\/style><div id=\"thegem-divider-69ecefc8073a9\" class=\"gem-divider  \" style=\"\" ><\/div>[vc_column_text]<\/p>\n<div class=\"title-h5\" style=\"text-align: center;\"><span class=\"light\">COMFORT FOR EVERY WOMEN<\/span><\/div>\n<p>[\/vc_column_text]<div class=\"clearboth\"><\/div><style>#thegem-divider-69ecefc8073bd {margin-top: -15px !important;}<\/style><div id=\"thegem-divider-69ecefc8073bd\" class=\"gem-divider  \" style=\"\" ><\/div>[vc_column_text]<\/p>\n<div class=\"title-h1\" style=\"text-align: center;\">Popular Procedures<\/div>\n<p>[\/vc_column_text]<div class=\"clearboth\"><\/div><style>#thegem-divider-69ecefc8073cf {margin-top: 45px !important;}<\/style><div id=\"thegem-divider-69ecefc8073cf\" class=\"gem-divider  \" style=\"\" ><\/div>[vc_column_text]<\/p>\n<p style=\"text-align: center; display: block; max-width: 850px; margin: auto;\">Lorem ipsum dolor sit amet, consectetur adipisicing elit, sed do eiusmod tempor incididunt ut labore et dolore magna aliqua. Ut enim ad minim veniam, quis nostrud exercitation ullamco laboris nisi ut aliquip ex ea commodo consequat. Duis aute irure dolor in reprehenderit in voluptate velit esse cillum dolore eu fugiat nulla pariatur.<\/p>\n<p>[\/vc_column_text]<div class=\"clearboth\"><\/div><style>#thegem-divider-69ecefc8073e8 {margin-top: 105px !important;}<\/style><div id=\"thegem-divider-69ecefc8073e8\" class=\"gem-divider  \" style=\"\" ><\/div>[\/vc_column][\/vc_row][vc_row css=&#8221;.vc_custom_1508845317855{margin-bottom: 0px !important;}&#8221;][vc_column][\/vc_column][\/vc_row][vc_row full_width=&#8221;stretch_row&#8221; css=&#8221;.vc_custom_1508926484132{margin-bottom: -1px !important;background-image: url(https:\/\/dotykykrasy.sk\/wp-content\/uploads\/2017\/10\/beauty-bg2.jpg?id=27) !important;background-position: center !important;background-repeat: no-repeat !important;background-size: cover !important;}&#8221;][vc_column]<div class=\"clearboth\"><\/div><style>#thegem-divider-69ecefc8080b8 {margin-top: 85px !important;}<\/style><div id=\"thegem-divider-69ecefc8080b8\" class=\"gem-divider  \" style=\"\" ><\/div>[vc_column_text]<\/p>\n<div class=\"title-h5\" style=\"text-align: center;\"><span class=\"light\" style=\"color: #282828;\">HAVE ANY QUESTIONS?<\/span><\/div>\n<p>[\/vc_column_text][vc_column_text css=&#8221;.vc_custom_1508915941927{margin-top: -15px !important;}&#8221;]<\/p>\n<div class=\"title-h1\" style=\"text-align: center;\"><span style=\"color: #282828;\">Send a Message<\/span><\/div>\n<p>[\/vc_column_text]<div class=\"clearboth\"><\/div><style>#thegem-divider-69ecefc8080e0 {margin-top: 65px !important;}<\/style><div id=\"thegem-divider-69ecefc8080e0\" class=\"gem-divider  \" style=\"\" ><\/div>\n<div class=\"wpcf7 no-js\" id=\"wpcf7-f6-o1\" lang=\"en-US\" dir=\"ltr\">\n<div class=\"screen-reader-response\"><p role=\"status\" aria-live=\"polite\" aria-atomic=\"true\"><\/p> <ul><\/ul><\/div>\n<form action=\"\/index.php?rest_route=%2Fwp%2Fv2%2Fpages%2F342#wpcf7-f6-o1\" method=\"post\" class=\"wpcf7-form init gem-contact-form-white\" aria-label=\"Contact form\" novalidate=\"novalidate\" data-status=\"init\">\n<div style=\"display: none;\">\n<input type=\"hidden\" name=\"_wpcf7\" value=\"6\" \/>\n<input type=\"hidden\" name=\"_wpcf7_version\" value=\"5.9.8\" \/>\n<input type=\"hidden\" name=\"_wpcf7_locale\" value=\"en_US\" \/>\n<input type=\"hidden\" name=\"_wpcf7_unit_tag\" value=\"wpcf7-f6-o1\" \/>\n<input type=\"hidden\" name=\"_wpcf7_container_post\" value=\"0\" \/>\n<input type=\"hidden\" name=\"_wpcf7_posted_data_hash\" value=\"\" \/>\n<\/div>\n<div class=\"row\">\n\t<div class=\"col-lg-6 col-md-6 col-xs-12\"><div class=\"form-line gem-form-icon-name\"><span class=\"wpcf7-form-control-wrap\" data-name=\"your-name\"><input size=\"40\" maxlength=\"400\" class=\"wpcf7-form-control wpcf7-text wpcf7-validates-as-required\" aria-required=\"true\" aria-invalid=\"false\" placeholder=\"Meno*\" value=\"\" type=\"text\" name=\"your-name\" \/><\/span><\/div><\/div>\n\n\t<div class=\"col-lg-6 col-md-6 col-xs-12\"><div class=\"form-line gem-form-icon-email\"><span class=\"wpcf7-form-control-wrap\" data-name=\"your-email\"><input size=\"40\" maxlength=\"400\" class=\"wpcf7-form-control wpcf7-email wpcf7-validates-as-required wpcf7-text wpcf7-validates-as-email\" aria-required=\"true\" aria-invalid=\"false\" placeholder=\"Email*\" value=\"\" type=\"email\" name=\"your-email\" \/><\/span><\/div><\/div>\n\n\n\t<div class=\"col-lg-12 col-md-12 col-xs-12\"><div class=\"form-line\"><span class=\"wpcf7-form-control-wrap\" data-name=\"your-message\"><textarea cols=\"40\" rows=\"10\" maxlength=\"2000\" class=\"wpcf7-form-control wpcf7-textarea wpcf7-validates-as-required\" aria-required=\"true\" aria-invalid=\"false\" placeholder=\"Spr\u00e1va\" name=\"your-message\"><\/textarea><\/span><\/div><\/div>\n\n\t<div class=\"col-lg-12 col-md-12 col-xs-12\"><div class=\"gem-button-container gem-button-position-fullwidth thegem-button-69ecefc8099975084\"  ><input class=\"gem-button gem-button-size-medium gem-button-style-flat gem-button-text-weight-normal wpcf7-form-control wpcf7-submit has-spinner gem-button-wpcf-custom\" data-ll-effect=\"drop-right-without-wrap\" style=\"border-radius: 3px;\" onmouseleave=\"\" onmouseenter=\"\" id=\"\" tabindex=\"\" type=\"submit\" value=\"ODOSLA\u0164 SPR\u00c1VU\" \/><\/div> <\/div>\n\n<\/div><div class=\"wpcf7-response-output\" aria-hidden=\"true\"><\/div>\n<\/form>\n<\/div>\n<div class=\"clearboth\"><\/div><style>#thegem-divider-69ecefc80a4dc {margin-top: 65px !important;}<\/style><div id=\"thegem-divider-69ecefc80a4dc\" class=\"gem-divider  \" style=\"\" ><\/div>[\/vc_column][\/vc_row][vc_row full_width=&#8221;stretch_row&#8221; css=&#8221;.vc_custom_1466159122119{margin-bottom: 0px !important;}&#8221; el_class=&#8221;custom_image&#8221;][vc_column offset=&#8221;vc_hidden-md vc_hidden-sm vc_hidden-xs&#8221; css=&#8221;.vc_custom_1466159100107{margin-top: -360px !important;}&#8221;]<div class=\"centered-box gem-image-centered-box\" ><div class=\"gem-image gem-wrapbox gem-wrapbox-style-default gem-wrapbox-position-centered  thegem-custom-69ecefc80a5228563\"  style=\"\" ><div class=\"gem-wrapbox-inner \" ><img class=\"gem-wrapbox-element img-responsive\" src=\"\" alt=\"\"\/><\/div><\/div><\/div><div class=\"clearboth\"><\/div><style>#thegem-divider-69ecefc80a8ea {margin-top: -100px !important;}<\/style><div id=\"thegem-divider-69ecefc80a8ea\" class=\"gem-divider  \" style=\"\" ><\/div>[\/vc_column][\/vc_row]<\/p>\n<\/div>","protected":false},"excerpt":{"rendered":"<p>[vc_row full_width=&#8221;stretch_row_content&#8221; css=&#8221;.vc_custom_1611610143503{margin-bottom: 0px !important;background-image: url(https:\/\/dotykykrasy.sk\/wp-content\/uploads\/2021\/01\/E1.jpg?id=1781) !important;background-position: center !important;background-repeat: no-repeat !important;background-size: contain !important;}&#8221;][vc_column width=&#8221;2\/3&#8243; offset=&#8221;vc_col-lg-offset-6 vc_col-lg-6 vc_col-md-offset-6 vc_col-md-6 vc_col-sm-offset-4&#8243;][vc_column_text css_animation=&#8221;none&#8221;]&#8230;<\/p>\n","protected":false},"author":1,"featured_media":0,"parent":0,"menu_order":0,"comment_status":"closed","ping_status":"closed","template":"","meta":{"footnotes":""},"class_list":["post-342","page","type-page","status-publish"],"_links":{"self":[{"href":"https:\/\/dotykykrasy.sk\/index.php?rest_route=\/wp\/v2\/pages\/342","targetHints":{"allow":["GET"]}}],"collection":[{"href":"https:\/\/dotykykrasy.sk\/index.php?rest_route=\/wp\/v2\/pages"}],"about":[{"href":"https:\/\/dotykykrasy.sk\/index.php?rest_route=\/wp\/v2\/types\/page"}],"author":[{"embeddable":true,"href":"https:\/\/dotykykrasy.sk\/index.php?rest_route=\/wp\/v2\/users\/1"}],"replies":[{"embeddable":true,"href":"https:\/\/dotykykrasy.sk\/index.php?rest_route=%2Fwp%2Fv2%2Fcomments&post=342"}],"version-history":[{"count":4,"href":"https:\/\/dotykykrasy.sk\/index.php?rest_route=\/wp\/v2\/pages\/342\/revisions"}],"predecessor-version":[{"id":1782,"href":"https:\/\/dotykykrasy.sk\/index.php?rest_route=\/wp\/v2\/pages\/342\/revisions\/1782"}],"wp:attachment":[{"href":"https:\/\/dotykykrasy.sk\/index.php?rest_route=%2Fwp%2Fv2%2Fmedia&parent=342"}],"curies":[{"name":"wp","href":"https:\/\/api.w.org\/{rel}","templated":true}]}}