{"id":1424,"date":"2020-11-21T22:34:02","date_gmt":"2020-11-21T21:34:02","guid":{"rendered":"https:\/\/dotykykrasy.sk\/?page_id=1424"},"modified":"2023-10-17T21:02:44","modified_gmt":"2023-10-17T19:02:44","slug":"cennik-licenie-2","status":"publish","type":"page","link":"https:\/\/dotykykrasy.sk\/?page_id=1424","title":{"rendered":"Cenn\u00edk L\u00ed\u010denie"},"content":{"rendered":"<div class=\"wpb-content-wrapper\"><p>[vc_row css=&#8221;.vc_custom_1508758036001{margin-bottom: 0px !important;}&#8221;][vc_column]<div class=\"clearboth\"><\/div><style>#thegem-divider-69ecd36a9184d {margin-top: 90px !important;}<\/style><div id=\"thegem-divider-69ecd36a9184d\" class=\"gem-divider  \" style=\"\" ><\/div>[\/vc_column][\/vc_row][vc_row][vc_column][vc_column_text css=&#8221;.vc_custom_1605994593481{margin-top: -15px !important;}&#8221;]<\/p>\n<div class=\"title-h1\" style=\"text-align: center;\"><span style=\"color: #282828;\">l\u00ed\u010denie<\/span><\/div>\n<p>[\/vc_column_text][\/vc_column][\/vc_row][vc_row css=&#8221;.vc_custom_1508758036001{margin-bottom: 0px !important;}&#8221;][vc_column]<div class=\"clearboth\"><\/div><style>#thegem-divider-69ecd36a9187e {margin-top: 65px !important;}<\/style><div id=\"thegem-divider-69ecd36a9187e\" class=\"gem-divider  \" style=\"\" ><\/div>[\/vc_column][\/vc_row][vc_row][vc_column][\/vc_column][\/vc_row][vc_row el_id=&#8221;TEST&#8221;][vc_column][\/vc_column][\/vc_row][vc_row][vc_column width=&#8221;1\/4&#8243;]<div class=\"lazy-loading\" data-ll-item-delay=\"0\"><div class=\"gem-textbox  lazy-loading-item\"  data-ll-effect=\"move-up\" ><div class=\"gem-textbox-inner\" style=\"border-top-left-radius: 57px;border-top-right-radius: 57px;border-bottom-right-radius: 57px;\"><div class=\"gem-textbox-content\" style=\"background-color: #f4f6f7;background-image: url(https:\/\/dotykykrasy.sk\/wp-content\/uploads\/2020\/11\/denne-licenie-1.jpg);background-repeat: no-repeat; background-size: cover;background-position: center top;padding-top: 40px;padding-bottom: 130px;\">[vc_single_image image=&#8221;1542&#8243; img_size=&#8221;60&#215;60&#8243; style=&#8221;vc_box_circle&#8221;][vc_column_text el_class=&#8221;pricing-div&#8221;]<span class=\"title-h5 light\" style=\"color: #282828;\">denn\u00e9 l\u00ed\u010denie<\/span>[\/vc_column_text]<\/div><\/div><\/div><\/div>[vc_toggle title=&#8221;&#8221; style=&#8221;simple&#8221; color=&#8221;black&#8221; size=&#8221;sm&#8221; css_animation=&#8221;fadeIn&#8221;]<\/p>\n<div class=\"small-body\" style=\"text-align: left;\"><span class=\"letter-spacing light\">o\u0161etrenie zah\u0155\u0148a: (odl\u00ed\u010denie celej tv\u00e1re ple\u0165ov\u00fdm mliekom a tonikom pod\u013ea typu pleti,l\u00ed\u010denie pod\u013ea po\u017eiadavky klientky)<\/span><\/div>\n<div class=\"small-body\"><span style=\"color: #ff0000;\">Doba trvania: 1 h<\/span><\/div>\n<p>[\/vc_toggle][vc_separator color=&#8221;white&#8221;][vc_column_text]<span class=\"title-h4\" style=\"color: #e77785;\">od 35\u20ac<\/span>[\/vc_column_text][\/vc_column][vc_column width=&#8221;1\/4&#8243;]<div class=\"lazy-loading\" data-ll-item-delay=\"0\"><div class=\"gem-textbox  lazy-loading-item\"  data-ll-effect=\"move-up\" ><div class=\"gem-textbox-inner\" style=\"border-top-left-radius: 57px;border-top-right-radius: 57px;border-bottom-right-radius: 57px;\"><div class=\"gem-textbox-content\" style=\"background-color: #f4f6f7;background-image: url(https:\/\/dotykykrasy.sk\/wp-content\/uploads\/2020\/11\/svadobne-licenie-1.jpg);background-repeat: no-repeat; background-size: cover;background-position: center top;padding-top: 40px;padding-bottom: 130px;\">[vc_single_image image=&#8221;1542&#8243; img_size=&#8221;60&#215;60&#8243; style=&#8221;vc_box_circle&#8221;][vc_column_text el_class=&#8221;pricing-div&#8221;]<span class=\"title-h5 light\" style=\"color: #282828;\">svadobn\u00e9 l\u00ed\u010denie<\/span>[\/vc_column_text]<\/div><\/div><\/div><\/div>[vc_toggle title=&#8221;&#8221; style=&#8221;simple&#8221; color=&#8221;black&#8221; size=&#8221;sm&#8221; css_animation=&#8221;fadeIn&#8221;]<\/p>\n<div class=\"small-body\">o\u0161etrenie zahr\u0148a: (odl\u00ed\u010denie celej tv\u00e1re ple\u0165ov\u00fdm mliekom a tonikom pod\u013ea typu pleti,<\/div>\n<div class=\"small-body\">l\u00ed\u010denie pod\u013ea po\u017eiadavky klientky)<\/div>\n<div class=\"small-body\"><span style=\"color: #ff0000;\">Doba trvania: 1,5 h<\/span><\/div>\n<p>[\/vc_toggle][vc_separator color=&#8221;white&#8221;][vc_column_text]<span class=\"title-h4\" style=\"color: #e77785;\">od 45\u20ac<\/span>[\/vc_column_text][\/vc_column][vc_column width=&#8221;1\/4&#8243;]<div class=\"lazy-loading\" data-ll-item-delay=\"0\"><div class=\"gem-textbox  lazy-loading-item\"  data-ll-effect=\"move-up\" ><div class=\"gem-textbox-inner\" style=\"border-top-left-radius: 57px;border-top-right-radius: 57px;border-bottom-right-radius: 57px;\"><div class=\"gem-textbox-content\" style=\"background-color: #f4f6f7;background-image: url(https:\/\/dotykykrasy.sk\/wp-content\/uploads\/2020\/11\/skuska-svadobneho-licenia-1.jpg);background-repeat: no-repeat; background-size: cover;background-position: center top;padding-top: 40px;padding-bottom: 130px;\">[vc_single_image image=&#8221;1542&#8243; img_size=&#8221;60&#215;60&#8243; style=&#8221;vc_box_circle&#8221;][vc_column_text el_class=&#8221;pricing-div&#8221;]<span class=\"title-h5 light\" style=\"color: #282828;\">sk\u00fa\u0161ka svadobn\u00e9ho l\u00ed\u010denia<\/span>[\/vc_column_text]<\/div><\/div><\/div><\/div>[vc_toggle title=&#8221;&#8221; color=&#8221;black&#8221; size=&#8221;sm&#8221; css_animation=&#8221;fadeIn&#8221;]<\/p>\n<div class=\"small-body\">o\u0161etrenie zah\u0155\u0148a: (odl\u00ed\u010denie celej tv\u00e1re ple\u0165ov\u00fdm mliekom a tonikom pod\u013ea typu pleti,l\u00ed\u010denie pod\u013ea po\u017eiadavky klientky)<\/div>\n<div class=\"small-body\"><span style=\"color: #ff0000;\">Doba trvanie: 1,5 h<\/span><\/div>\n<p>[\/vc_toggle][vc_separator color=&#8221;white&#8221;][vc_column_text]<span class=\"title-h4\" style=\"color: #e77785;\">od 45\u20ac<\/span>[\/vc_column_text][\/vc_column][vc_column width=&#8221;1\/4&#8243;]<div class=\"lazy-loading\" data-ll-item-delay=\"0\"><div class=\"gem-textbox  lazy-loading-item\"  data-ll-effect=\"move-up\" ><div class=\"gem-textbox-inner\" style=\"border-top-left-radius: 57px;border-top-right-radius: 57px;border-bottom-right-radius: 57px;\"><div class=\"gem-textbox-content\" style=\"background-color: #f4f6f7;background-image: url(https:\/\/dotykykrasy.sk\/wp-content\/uploads\/2020\/11\/foto-licenie-1.jpg);background-repeat: no-repeat; background-size: cover;background-position: center top;padding-top: 40px;padding-bottom: 130px;\">[vc_single_image image=&#8221;1542&#8243; img_size=&#8221;60&#215;60&#8243; style=&#8221;vc_box_circle&#8221;][vc_column_text el_class=&#8221;pricing-div&#8221;]<span class=\"title-h5 light\" style=\"color: #282828;\">foto l\u00ed\u010denie<\/span>[\/vc_column_text]<\/div><\/div><\/div><\/div>[vc_toggle title=&#8221;&#8221; style=&#8221;simple&#8221; color=&#8221;black&#8221; size=&#8221;sm&#8221; css_animation=&#8221;fadeIn&#8221;]<\/p>\n<div class=\"small-body\">o\u0161etrenie zah\u0155\u0148a: (odl\u00ed\u010denie celej tv\u00e1re ple\u0165ov\u00fdm mliekom a tonikom pod\u013ea typu pleti,l\u00ed\u010denie pod\u013ea po\u017eiadavky klientky)<\/div>\n<div class=\"small-body\"><span style=\"color: #ff0000;\">Doba trvania: 1,5 h<\/span><\/div>\n<p>[\/vc_toggle][vc_separator color=&#8221;white&#8221;][vc_column_text]<span class=\"title-h4\" style=\"color: #e77785;\">45\u20ac<\/span>[\/vc_column_text][\/vc_column][\/vc_row][vc_row][vc_column width=&#8221;1\/4&#8243;]<div class=\"lazy-loading\" data-ll-item-delay=\"0\"><div class=\"gem-textbox  lazy-loading-item\"  data-ll-effect=\"move-up\" ><div class=\"gem-textbox-inner\" style=\"border-top-left-radius: 57px;border-top-right-radius: 57px;border-bottom-right-radius: 57px;\"><div class=\"gem-textbox-content\" style=\"background-color: #f4f6f7;background-image: url(https:\/\/dotykykrasy.sk\/wp-content\/uploads\/2020\/12\/extravagantne-licenie.jpg);background-repeat: no-repeat; background-size: cover;background-position: center top;padding-top: 40px;padding-bottom: 130px;\">[vc_single_image image=&#8221;1542&#8243; img_size=&#8221;60&#215;60&#8243; style=&#8221;vc_box_circle&#8221;][vc_column_text el_class=&#8221;pricing-div&#8221;]<span class=\"title-h5 light\" style=\"color: #282828;\">Extravagantn\u00e9 l\u00ed\u010denie<\/span>[\/vc_column_text]<\/div><\/div><\/div><\/div>[vc_toggle title=&#8221;&#8221; color=&#8221;black&#8221; size=&#8221;sm&#8221; css_animation=&#8221;fadeIn&#8221;]<\/p>\n<div class=\"small-body\">o\u0161etrenie zah\u0155\u0148a: (odl\u00ed\u010denie celej tv\u00e1re ple\u0165ov\u00fdm mliekom a tonikom pod\u013ea typu pleti,l\u00ed\u010denie pod\u013ea po\u017eiadavky klientky)<\/div>\n<div><span style=\"color: #ff0000;\">Doba trvania: 1,5 h<\/span><\/div>\n<p>[\/vc_toggle][vc_separator color=&#8221;white&#8221;][vc_column_text]<span class=\"title-h4\" style=\"color: #e77785;\">50\u20ac<\/span>[\/vc_column_text][\/vc_column][vc_column width=&#8221;1\/4&#8243;]<div class=\"lazy-loading\" data-ll-item-delay=\"0\"><div class=\"gem-textbox  lazy-loading-item\"  data-ll-effect=\"move-up\" ><div class=\"gem-textbox-inner\" style=\"border-top-left-radius: 57px;border-top-right-radius: 57px;border-bottom-right-radius: 57px;\"><div class=\"gem-textbox-content\" style=\"background-color: #f4f6f7;background-image: url(https:\/\/dotykykrasy.sk\/wp-content\/uploads\/2020\/12\/vecerne-licenie.jpg);background-repeat: no-repeat; background-size: cover;background-position: center top;padding-top: 40px;padding-bottom: 130px;\">[vc_single_image image=&#8221;1542&#8243; img_size=&#8221;60&#215;60&#8243; style=&#8221;vc_box_circle&#8221;][vc_column_text el_class=&#8221;pricing-div&#8221;]<span class=\"title-h5 light\" style=\"color: #282828;\">ve\u010dern\u00e9 l\u00ed\u010denie<\/span>[\/vc_column_text]<\/div><\/div><\/div><\/div>[vc_toggle title=&#8221;&#8221; style=&#8221;simple&#8221; color=&#8221;black&#8221; size=&#8221;sm&#8221; css_animation=&#8221;fadeIn&#8221;]<\/p>\n<div class=\"small-body\">o\u0161etrenie zah\u0155\u0148a: (odl\u00ed\u010denie celej tv\u00e1re ple\u0165ov\u00fdm mliekom a tonikom pod\u013ea typu pleti,l\u00ed\u010denie pod\u013ea po\u017eiadavky klientky)<\/div>\n<div class=\"small-body\"><span style=\"color: #ff0000;\">Doba trvania: 1,5 h<\/span><\/div>\n<p>[\/vc_toggle][vc_separator color=&#8221;white&#8221;][vc_column_text]<span class=\"title-h4\" style=\"color: #e77785;\">45\u20ac<\/span>[\/vc_column_text][\/vc_column][\/vc_row]<\/p>\n<\/div>","protected":false},"excerpt":{"rendered":"<p>[vc_row css=&#8221;.vc_custom_1508758036001{margin-bottom: 0px !important;}&#8221;][vc_column][\/vc_column][\/vc_row][vc_row][vc_column][vc_column_text css=&#8221;.vc_custom_1605994593481{margin-top: -15px !important;}&#8221;] l\u00ed\u010denie [\/vc_column_text][\/vc_column][\/vc_row][vc_row css=&#8221;.vc_custom_1508758036001{margin-bottom: 0px !important;}&#8221;][vc_column][\/vc_column][\/vc_row][vc_row][vc_column][\/vc_column][\/vc_row][vc_row el_id=&#8221;TEST&#8221;][vc_column][\/vc_column][\/vc_row][vc_row][vc_column width=&#8221;1\/4&#8243;][vc_toggle title=&#8221;&#8221; style=&#8221;simple&#8221; color=&#8221;black&#8221; size=&#8221;sm&#8221; css_animation=&#8221;fadeIn&#8221;] o\u0161etrenie&#8230;<\/p>\n","protected":false},"author":1,"featured_media":0,"parent":0,"menu_order":0,"comment_status":"closed","ping_status":"closed","template":"","meta":{"footnotes":""},"class_list":["post-1424","page","type-page","status-publish"],"_links":{"self":[{"href":"https:\/\/dotykykrasy.sk\/index.php?rest_route=\/wp\/v2\/pages\/1424","targetHints":{"allow":["GET"]}}],"collection":[{"href":"https:\/\/dotykykrasy.sk\/index.php?rest_route=\/wp\/v2\/pages"}],"about":[{"href":"https:\/\/dotykykrasy.sk\/index.php?rest_route=\/wp\/v2\/types\/page"}],"author":[{"embeddable":true,"href":"https:\/\/dotykykrasy.sk\/index.php?rest_route=\/wp\/v2\/users\/1"}],"replies":[{"embeddable":true,"href":"https:\/\/dotykykrasy.sk\/index.php?rest_route=%2Fwp%2Fv2%2Fcomments&post=1424"}],"version-history":[{"count":13,"href":"https:\/\/dotykykrasy.sk\/index.php?rest_route=\/wp\/v2\/pages\/1424\/revisions"}],"predecessor-version":[{"id":2233,"href":"https:\/\/dotykykrasy.sk\/index.php?rest_route=\/wp\/v2\/pages\/1424\/revisions\/2233"}],"wp:attachment":[{"href":"https:\/\/dotykykrasy.sk\/index.php?rest_route=%2Fwp%2Fv2%2Fmedia&parent=1424"}],"curies":[{"name":"wp","href":"https:\/\/api.w.org\/{rel}","templated":true}]}}